{"id":408,"date":"2014-07-08T20:08:29","date_gmt":"2014-07-08T18:08:29","guid":{"rendered":"http:\/\/dev2.latelieramusique.fr\/template\/g\/?page_id=2"},"modified":"2024-09-08T10:15:40","modified_gmt":"2024-09-08T08:15:40","slug":"accordeonbandoneonharmonicaanimationsmusiquefetedanseparisrueparismusiquedansecreation-videomusiquestyle-musettefolkfetetheatreruecafeanimations-mus","status":"publish","type":"page","link":"https:\/\/www.latelieramusique.fr\/bobbym\/miss-jennings-music-live\/accordeonbandoneonharmonicaanimationsmusiquefetedanseparisrueparismusiquedansecreation-videomusiquestyle-musettefolkfetetheatreruecafeanimations-mus\/","title":{"rendered":"Contact animations musicales en toutes circonstances,accord\u00e9on,bandon\u00e9on,harmonica,f\u00eate,th\u00e9\u00e2tre,rue,caf\u00e9, restaurant,"},"content":{"rendered":"<pre><strong><em><span style=\"color: #ff6600\"><span style=\"color: #ff6600\">Bonjour,<\/span> <\/span><\/em>\r\n\r\n<em><span style=\"color: #ff6600\"><span style=\"text-align: center\">N'h\u00e9sitez pas \u00e0 me laisser un message en utilisant le formulai<\/span><span style=\"color: #ff6600\">re.<\/span><\/span><\/em>\r\n\r\n<em><span style=\"color: #ff6600\"><span style=\"color: #ff6600\">Merci\r\n\r\nhttps:\/\/bento.me\/bobby-m\r\n\r\n\r\n<\/span><\/span><\/em><\/strong><\/pre>\n","protected":false},"excerpt":{"rendered":"<p>Bonjour, N&rsquo;h\u00e9sitez pas \u00e0 me laisser un message en utilisant le formulaire. Merci https:\/\/bento.me\/bobby-m<\/p>\n","protected":false},"author":9,"featured_media":4987,"parent":152,"menu_order":3,"comment_status":"open","ping_status":"closed","template":"page-templates\/page-contact.php","meta":{"_acf_changed":false,"_exactmetrics_skip_tracking":false,"_exactmetrics_sitenote_active":false,"_exactmetrics_sitenote_note":"","_exactmetrics_sitenote_category":0,"footnotes":""},"class_list":["post-408","page","type-page","status-publish","has-post-thumbnail","hentry"],"acf":[],"yoast_head":"<!-- This site is optimized with the Yoast SEO plugin v27.6 - https:\/\/yoast.com\/product\/yoast-seo-wordpress\/ -->\n<title>accord\u00e9on,animations,musique,f\u00eate,musique,style musette,folk,blues,rock seventie&#039;s<\/title>\n<meta name=\"description\" content=\"accord\u00e9on,bandon\u00e9on,harmonica,animations,musique,f\u00eate,danse,Paris,rueParis,musique,danse,cr\u00e9ation vid\u00e9o,musique,style musette,folk,classique,percussions,guinguette,f\u00eate,th\u00e9\u00e2tre,rue,caf\u00e9,animations musicales en toutes circonstances,Op\u00e9ra,magasin,kermesse,chicken group,danse,roots,bar,\" \/>\n<meta name=\"robots\" content=\"index, follow, max-snippet:-1, max-image-preview:large, max-video-preview:-1\" \/>\n<link rel=\"canonical\" href=\"https:\/\/www.latelieramusique.fr\/bobbym\/miss-jennings-music-live\/accordeonbandoneonharmonicaanimationsmusiquefetedanseparisrueparismusiquedansecreation-videomusiquestyle-musettefolkfetetheatreruecafeanimations-mus\/\" \/>\n<meta property=\"og:locale\" content=\"fr_FR\" \/>\n<meta property=\"og:type\" content=\"article\" \/>\n<meta property=\"og:title\" content=\"Contact,animations musicales en toutes circonstances,accord\u00e9on,bandon\u00e9on,harmonica,f\u00eate,th\u00e9\u00e2tre,rue,caf\u00e9,restaurant.\" \/>\n<meta property=\"og:description\" content=\"accord\u00e9on,bandon\u00e9on,harmonica,animations,musique,f\u00eate,danse,Paris,rueParis,musique,danse,cr\u00e9ation vid\u00e9o,musique,style musette,folk,classique,percussions,guinguette,f\u00eate,th\u00e9\u00e2tre,rue,caf\u00e9,animations musicales en toutes circonstances,Op\u00e9ra,magasin,kermesse,chicken group,danse,roots,bar,\" \/>\n<meta property=\"og:url\" content=\"https:\/\/www.latelieramusique.fr\/bobbym\/miss-jennings-music-live\/accordeonbandoneonharmonicaanimationsmusiquefetedanseparisrueparismusiquedansecreation-videomusiquestyle-musettefolkfetetheatreruecafeanimations-mus\/\" \/>\n<meta property=\"og:site_name\" content=\"Bobby M\" \/>\n<meta property=\"article:modified_time\" content=\"2024-09-08T08:15:40+00:00\" \/>\n<meta property=\"og:image\" content=\"http:\/\/www.latelieramusique.fr\/bobbym\/wp-content\/uploads\/sites\/8\/2019\/12\/Bobby-M-en-Bob-Marley.jpg\" \/>\n\t<meta property=\"og:image:width\" content=\"2048\" \/>\n\t<meta property=\"og:image:height\" content=\"1536\" \/>\n\t<meta property=\"og:image:type\" content=\"image\/jpeg\" \/>\n<meta name=\"twitter:label1\" content=\"Dur\u00e9e de lecture estim\u00e9e\" \/>\n\t<meta name=\"twitter:data1\" content=\"1 minute\" \/>\n<script type=\"application\/ld+json\" class=\"yoast-schema-graph\">{\"@context\":\"https:\\\/\\\/schema.org\",\"@graph\":[{\"@type\":\"WebPage\",\"@id\":\"https:\\\/\\\/www.latelieramusique.fr\\\/bobbym\\\/miss-jennings-music-live\\\/accordeonbandoneonharmonicaanimationsmusiquefetedanseparisrueparismusiquedansecreation-videomusiquestyle-musettefolkfetetheatreruecafeanimations-mus\\\/\",\"url\":\"https:\\\/\\\/www.latelieramusique.fr\\\/bobbym\\\/miss-jennings-music-live\\\/accordeonbandoneonharmonicaanimationsmusiquefetedanseparisrueparismusiquedansecreation-videomusiquestyle-musettefolkfetetheatreruecafeanimations-mus\\\/\",\"name\":\"accord\u00e9on,animations,musique,f\u00eate,musique,style musette,folk,blues,rock seventie's\",\"isPartOf\":{\"@id\":\"https:\\\/\\\/www.latelieramusique.fr\\\/bobbym\\\/#website\"},\"primaryImageOfPage\":{\"@id\":\"https:\\\/\\\/www.latelieramusique.fr\\\/bobbym\\\/miss-jennings-music-live\\\/accordeonbandoneonharmonicaanimationsmusiquefetedanseparisrueparismusiquedansecreation-videomusiquestyle-musettefolkfetetheatreruecafeanimations-mus\\\/#primaryimage\"},\"image\":{\"@id\":\"https:\\\/\\\/www.latelieramusique.fr\\\/bobbym\\\/miss-jennings-music-live\\\/accordeonbandoneonharmonicaanimationsmusiquefetedanseparisrueparismusiquedansecreation-videomusiquestyle-musettefolkfetetheatreruecafeanimations-mus\\\/#primaryimage\"},\"thumbnailUrl\":\"https:\\\/\\\/www.latelieramusique.fr\\\/bobbym\\\/wp-content\\\/uploads\\\/sites\\\/8\\\/2019\\\/02\\\/cropped-52911786_1870329636406680_2139366112565919744_n.jpg\",\"datePublished\":\"2014-07-08T18:08:29+00:00\",\"dateModified\":\"2024-09-08T08:15:40+00:00\",\"description\":\"accord\u00e9on,bandon\u00e9on,harmonica,animations,musique,f\u00eate,danse,Paris,rueParis,musique,danse,cr\u00e9ation vid\u00e9o,musique,style musette,folk,classique,percussions,guinguette,f\u00eate,th\u00e9\u00e2tre,rue,caf\u00e9,animations musicales en toutes circonstances,Op\u00e9ra,magasin,kermesse,chicken group,danse,roots,bar,\",\"breadcrumb\":{\"@id\":\"https:\\\/\\\/www.latelieramusique.fr\\\/bobbym\\\/miss-jennings-music-live\\\/accordeonbandoneonharmonicaanimationsmusiquefetedanseparisrueparismusiquedansecreation-videomusiquestyle-musettefolkfetetheatreruecafeanimations-mus\\\/#breadcrumb\"},\"inLanguage\":\"fr-FR\",\"potentialAction\":[{\"@type\":\"ReadAction\",\"target\":[\"https:\\\/\\\/www.latelieramusique.fr\\\/bobbym\\\/miss-jennings-music-live\\\/accordeonbandoneonharmonicaanimationsmusiquefetedanseparisrueparismusiquedansecreation-videomusiquestyle-musettefolkfetetheatreruecafeanimations-mus\\\/\"]}]},{\"@type\":\"ImageObject\",\"inLanguage\":\"fr-FR\",\"@id\":\"https:\\\/\\\/www.latelieramusique.fr\\\/bobbym\\\/miss-jennings-music-live\\\/accordeonbandoneonharmonicaanimationsmusiquefetedanseparisrueparismusiquedansecreation-videomusiquestyle-musettefolkfetetheatreruecafeanimations-mus\\\/#primaryimage\",\"url\":\"https:\\\/\\\/www.latelieramusique.fr\\\/bobbym\\\/wp-content\\\/uploads\\\/sites\\\/8\\\/2019\\\/02\\\/cropped-52911786_1870329636406680_2139366112565919744_n.jpg\",\"contentUrl\":\"https:\\\/\\\/www.latelieramusique.fr\\\/bobbym\\\/wp-content\\\/uploads\\\/sites\\\/8\\\/2019\\\/02\\\/cropped-52911786_1870329636406680_2139366112565919744_n.jpg\",\"width\":1200,\"height\":800},{\"@type\":\"BreadcrumbList\",\"@id\":\"https:\\\/\\\/www.latelieramusique.fr\\\/bobbym\\\/miss-jennings-music-live\\\/accordeonbandoneonharmonicaanimationsmusiquefetedanseparisrueparismusiquedansecreation-videomusiquestyle-musettefolkfetetheatreruecafeanimations-mus\\\/#breadcrumb\",\"itemListElement\":[{\"@type\":\"ListItem\",\"position\":1,\"name\":\"Accueil\",\"item\":\"https:\\\/\\\/www.latelieramusique.fr\\\/bobbym\\\/\"},{\"@type\":\"ListItem\",\"position\":2,\"name\":\"accord\u00e9on,bandon\u00e9on,animations musicales,f\u00eate,danse&#8230;\",\"item\":\"https:\\\/\\\/www.latelieramusique.fr\\\/bobbym\\\/\"},{\"@type\":\"ListItem\",\"position\":3,\"name\":\"Contact animations musicales en toutes circonstances,accord\u00e9on,bandon\u00e9on,harmonica,f\u00eate,th\u00e9\u00e2tre,rue,caf\u00e9, restaurant,\"}]},{\"@type\":\"WebSite\",\"@id\":\"https:\\\/\\\/www.latelieramusique.fr\\\/bobbym\\\/#website\",\"url\":\"https:\\\/\\\/www.latelieramusique.fr\\\/bobbym\\\/\",\"name\":\"Bobby M\",\"description\":\"L&#039;esprit Musiques Actuelles\",\"inLanguage\":\"fr-FR\"}]}<\/script>\n<!-- \/ Yoast SEO plugin. -->","yoast_head_json":{"title":"accord\u00e9on,animations,musique,f\u00eate,musique,style musette,folk,blues,rock seventie's","description":"accord\u00e9on,bandon\u00e9on,harmonica,animations,musique,f\u00eate,danse,Paris,rueParis,musique,danse,cr\u00e9ation vid\u00e9o,musique,style musette,folk,classique,percussions,guinguette,f\u00eate,th\u00e9\u00e2tre,rue,caf\u00e9,animations musicales en toutes circonstances,Op\u00e9ra,magasin,kermesse,chicken group,danse,roots,bar,","robots":{"index":"index","follow":"follow","max-snippet":"max-snippet:-1","max-image-preview":"max-image-preview:large","max-video-preview":"max-video-preview:-1"},"canonical":"https:\/\/www.latelieramusique.fr\/bobbym\/miss-jennings-music-live\/accordeonbandoneonharmonicaanimationsmusiquefetedanseparisrueparismusiquedansecreation-videomusiquestyle-musettefolkfetetheatreruecafeanimations-mus\/","og_locale":"fr_FR","og_type":"article","og_title":"Contact,animations musicales en toutes circonstances,accord\u00e9on,bandon\u00e9on,harmonica,f\u00eate,th\u00e9\u00e2tre,rue,caf\u00e9,restaurant.","og_description":"accord\u00e9on,bandon\u00e9on,harmonica,animations,musique,f\u00eate,danse,Paris,rueParis,musique,danse,cr\u00e9ation vid\u00e9o,musique,style musette,folk,classique,percussions,guinguette,f\u00eate,th\u00e9\u00e2tre,rue,caf\u00e9,animations musicales en toutes circonstances,Op\u00e9ra,magasin,kermesse,chicken group,danse,roots,bar,","og_url":"https:\/\/www.latelieramusique.fr\/bobbym\/miss-jennings-music-live\/accordeonbandoneonharmonicaanimationsmusiquefetedanseparisrueparismusiquedansecreation-videomusiquestyle-musettefolkfetetheatreruecafeanimations-mus\/","og_site_name":"Bobby M","article_modified_time":"2024-09-08T08:15:40+00:00","og_image":[{"width":2048,"height":1536,"url":"http:\/\/www.latelieramusique.fr\/bobbym\/wp-content\/uploads\/sites\/8\/2019\/12\/Bobby-M-en-Bob-Marley.jpg","type":"image\/jpeg"}],"twitter_misc":{"Dur\u00e9e de lecture estim\u00e9e":"1 minute"},"schema":{"@context":"https:\/\/schema.org","@graph":[{"@type":"WebPage","@id":"https:\/\/www.latelieramusique.fr\/bobbym\/miss-jennings-music-live\/accordeonbandoneonharmonicaanimationsmusiquefetedanseparisrueparismusiquedansecreation-videomusiquestyle-musettefolkfetetheatreruecafeanimations-mus\/","url":"https:\/\/www.latelieramusique.fr\/bobbym\/miss-jennings-music-live\/accordeonbandoneonharmonicaanimationsmusiquefetedanseparisrueparismusiquedansecreation-videomusiquestyle-musettefolkfetetheatreruecafeanimations-mus\/","name":"accord\u00e9on,animations,musique,f\u00eate,musique,style musette,folk,blues,rock seventie's","isPartOf":{"@id":"https:\/\/www.latelieramusique.fr\/bobbym\/#website"},"primaryImageOfPage":{"@id":"https:\/\/www.latelieramusique.fr\/bobbym\/miss-jennings-music-live\/accordeonbandoneonharmonicaanimationsmusiquefetedanseparisrueparismusiquedansecreation-videomusiquestyle-musettefolkfetetheatreruecafeanimations-mus\/#primaryimage"},"image":{"@id":"https:\/\/www.latelieramusique.fr\/bobbym\/miss-jennings-music-live\/accordeonbandoneonharmonicaanimationsmusiquefetedanseparisrueparismusiquedansecreation-videomusiquestyle-musettefolkfetetheatreruecafeanimations-mus\/#primaryimage"},"thumbnailUrl":"https:\/\/www.latelieramusique.fr\/bobbym\/wp-content\/uploads\/sites\/8\/2019\/02\/cropped-52911786_1870329636406680_2139366112565919744_n.jpg","datePublished":"2014-07-08T18:08:29+00:00","dateModified":"2024-09-08T08:15:40+00:00","description":"accord\u00e9on,bandon\u00e9on,harmonica,animations,musique,f\u00eate,danse,Paris,rueParis,musique,danse,cr\u00e9ation vid\u00e9o,musique,style musette,folk,classique,percussions,guinguette,f\u00eate,th\u00e9\u00e2tre,rue,caf\u00e9,animations musicales en toutes circonstances,Op\u00e9ra,magasin,kermesse,chicken group,danse,roots,bar,","breadcrumb":{"@id":"https:\/\/www.latelieramusique.fr\/bobbym\/miss-jennings-music-live\/accordeonbandoneonharmonicaanimationsmusiquefetedanseparisrueparismusiquedansecreation-videomusiquestyle-musettefolkfetetheatreruecafeanimations-mus\/#breadcrumb"},"inLanguage":"fr-FR","potentialAction":[{"@type":"ReadAction","target":["https:\/\/www.latelieramusique.fr\/bobbym\/miss-jennings-music-live\/accordeonbandoneonharmonicaanimationsmusiquefetedanseparisrueparismusiquedansecreation-videomusiquestyle-musettefolkfetetheatreruecafeanimations-mus\/"]}]},{"@type":"ImageObject","inLanguage":"fr-FR","@id":"https:\/\/www.latelieramusique.fr\/bobbym\/miss-jennings-music-live\/accordeonbandoneonharmonicaanimationsmusiquefetedanseparisrueparismusiquedansecreation-videomusiquestyle-musettefolkfetetheatreruecafeanimations-mus\/#primaryimage","url":"https:\/\/www.latelieramusique.fr\/bobbym\/wp-content\/uploads\/sites\/8\/2019\/02\/cropped-52911786_1870329636406680_2139366112565919744_n.jpg","contentUrl":"https:\/\/www.latelieramusique.fr\/bobbym\/wp-content\/uploads\/sites\/8\/2019\/02\/cropped-52911786_1870329636406680_2139366112565919744_n.jpg","width":1200,"height":800},{"@type":"BreadcrumbList","@id":"https:\/\/www.latelieramusique.fr\/bobbym\/miss-jennings-music-live\/accordeonbandoneonharmonicaanimationsmusiquefetedanseparisrueparismusiquedansecreation-videomusiquestyle-musettefolkfetetheatreruecafeanimations-mus\/#breadcrumb","itemListElement":[{"@type":"ListItem","position":1,"name":"Accueil","item":"https:\/\/www.latelieramusique.fr\/bobbym\/"},{"@type":"ListItem","position":2,"name":"accord\u00e9on,bandon\u00e9on,animations musicales,f\u00eate,danse&#8230;","item":"https:\/\/www.latelieramusique.fr\/bobbym\/"},{"@type":"ListItem","position":3,"name":"Contact animations musicales en toutes circonstances,accord\u00e9on,bandon\u00e9on,harmonica,f\u00eate,th\u00e9\u00e2tre,rue,caf\u00e9, restaurant,"}]},{"@type":"WebSite","@id":"https:\/\/www.latelieramusique.fr\/bobbym\/#website","url":"https:\/\/www.latelieramusique.fr\/bobbym\/","name":"Bobby M","description":"L&#039;esprit Musiques Actuelles","inLanguage":"fr-FR"}]}},"_links":{"self":[{"href":"https:\/\/www.latelieramusique.fr\/bobbym\/wp-json\/wp\/v2\/pages\/408","targetHints":{"allow":["GET"]}}],"collection":[{"href":"https:\/\/www.latelieramusique.fr\/bobbym\/wp-json\/wp\/v2\/pages"}],"about":[{"href":"https:\/\/www.latelieramusique.fr\/bobbym\/wp-json\/wp\/v2\/types\/page"}],"author":[{"embeddable":true,"href":"https:\/\/www.latelieramusique.fr\/bobbym\/wp-json\/wp\/v2\/users\/9"}],"replies":[{"embeddable":true,"href":"https:\/\/www.latelieramusique.fr\/bobbym\/wp-json\/wp\/v2\/comments?post=408"}],"version-history":[{"count":157,"href":"https:\/\/www.latelieramusique.fr\/bobbym\/wp-json\/wp\/v2\/pages\/408\/revisions"}],"predecessor-version":[{"id":7458,"href":"https:\/\/www.latelieramusique.fr\/bobbym\/wp-json\/wp\/v2\/pages\/408\/revisions\/7458"}],"up":[{"embeddable":true,"href":"https:\/\/www.latelieramusique.fr\/bobbym\/wp-json\/wp\/v2\/pages\/152"}],"wp:featuredmedia":[{"embeddable":true,"href":"https:\/\/www.latelieramusique.fr\/bobbym\/wp-json\/wp\/v2\/media\/4987"}],"wp:attachment":[{"href":"https:\/\/www.latelieramusique.fr\/bobbym\/wp-json\/wp\/v2\/media?parent=408"}],"curies":[{"name":"wp","href":"https:\/\/api.w.org\/{rel}","templated":true}]}}