{"id":5383,"date":"2019-07-21T18:56:49","date_gmt":"2019-07-21T16:56:49","guid":{"rendered":"http:\/\/www.latelieramusique.fr\/bobbym\/?page_id=5383"},"modified":"2024-08-09T05:44:22","modified_gmt":"2024-08-09T03:44:22","slug":"harmonica","status":"publish","type":"page","link":"https:\/\/www.latelieramusique.fr\/bobbym\/harmonica\/","title":{"rendered":"L&rsquo;HARMONICA"},"content":{"rendered":"\r\n<p><iframe loading=\"lazy\" title=\"L&#039;harmonica, comment \u00e7a marche ? avec Rachelle Plas - Culture prime\" width=\"604\" height=\"340\" src=\"https:\/\/www.youtube.com\/embed\/qXWUunygAqU?feature=oembed\" frameborder=\"0\" allow=\"accelerometer; autoplay; clipboard-write; encrypted-media; gyroscope; picture-in-picture; web-share\" referrerpolicy=\"strict-origin-when-cross-origin\" allowfullscreen><\/iframe><\/p>\r\n<p>Voici l\u2019histoire de ce petit instrument qui est probablement un des plus r\u00e9pandus sur toute la terre et qui est n\u00e9 tout pr\u00e8s de chez nous.<\/p>\r\n\r\n\r\n\r\n<p>En effet, si l\u2019on excepte le\u00a0<em>m\u2019buat<\/em>\u00a0chinois qui fut le premier instrument \u00e0 anches libres fait en bambou apparu environ 3000 ans avant notre \u00e8re, l\u2019harmonica sous sa forme actuelle est apparu en Allemagne par l\u2019imagination d\u2019un jeune homme de 16 ans du nom de Christian Friedrish Bushman.<\/p>\r\n\r\n\r\n\r\n<p>Son instrument \u00e9tait fait de tubes allign\u00e9s et accord\u00e9s de fa\u00e7on chromatique et ceci uniquement avec des notes souffl\u00e9es. Il le fait breveter sous le nom d\u2019Aura en 1821.<\/p>\r\n\r\n\r\n\r\n<p>La plus grande \u00e9volution fut apport\u00e9e en 1826 par un fabriquant d\u2019instruments de musique de Boh\u00eame du nom de Richter. Celui-ci dispose les notes non-plus de fa\u00e7on chromatique mais diatonique, afin de pouvoir jouer des accords, ce qui \u00e9tait fort pratique pour jouer la musique de l\u2019\u00e9poque. Cet accordage est rest\u00e9 le m\u00eame et s\u2019appel encore aujourd\u2019hui accordage Richter. Sa plus grande trouvaille fut de disposer deux anches par trou pour avoir une note aspir\u00e9e et une notes soufl\u00e9e dans chaque trou. Il appela son instrument\u00a0<em>Mund Harmonica.<\/em><\/p>\r\n\r\n\r\n\r\n<p>Pourtant le succ\u00e8s de l\u2019harmonica ne se fit pas pour ses qualit\u00e9s musicales, mais par le fait que les \u00e9l\u00e9gantes l\u2019adopt\u00e8rent comme ornement autour du cou.<\/p>\r\n\r\n\r\n\r\n<p>C\u2019est ce qui ammena un habitant de Trossingen, toujours en Allemagne, en For\u00eat Noire, horloger de son \u00e9tat du nom de Ch. Messner \u00e0 fabriquer des harmonicas depuis 1833. Comme on \u00e9tait au d\u00e9but de l\u2019\u00e8re industrielle et que la demande \u00e9tait forte, il fit fabriquer les capots de l\u2019instrum\u2026 pardon du bijoux, par son voisin Matthias Hohner.<\/p>\r\n\r\n\r\n\r\n<p>En 1855, Honner commence sa propre production sous les exhortations de son \u00e9pouse Hana. Le succ\u00e8s n\u2019est pas fulgurant car ses capots sont moins bien d\u00e9cor\u00e9s que ceux de Messner. Madame Hohner a alors une id\u00e9e de g\u00e9nie, celle d\u2019envoyer les harmonicas \u00e0 Hans, un cousin \u00e9migr\u00e9 aux Etats-Unis, en se disant que l\u00e0-bas ils ne connaissent pas les capots du voisin.<\/p>\r\n\r\n\r\n\r\n<p>La premi\u00e8re ann\u00e9e, en 1857, ils en produisent 700 pi\u00e8ces. Dix ans plus tard 22\u2019000 et en 1887 un million. C\u2019est \u00e0 partir de l\u00e0 que cet objet devient r\u00e9ellement un instrument de musique et qu\u2019il se r\u00e9pand sur tout le continent am\u00e9ricain, faisant la fortune de Hohner qui devient le plus grand fabriquant mondial.<\/p>\r\n\r\n\r\n\r\n<p>En 1896 verra la naissance dans les ateliers Hohner du fameux \u00ab\u00a0Marine Band\u00a0\u00bb qui est encore aujourd\u2019hui le mod\u00e8le qui a \u00able\u00bb son blues. En 1920 sort le premier harmonica chromatique, tel qu\u2019on le conna\u00eet aujourd\u2019hui.<\/p>\r\n\r\n\r\n\r\n<p>Jusqu\u2019\u00e0 aujourd\u2019hui, l\u2019instrument dans sa forme n\u2019a pas beaucoup chang\u00e9, par contre, le jeux lui-m\u00eame est en constante \u00e9volution. Ce sont tout d\u2019abord les harmonicistes de blues qui d\u00e9couvrirent qu\u2019en modifiant le flux d\u2019air on pouvait alt\u00e9rer les notes pour cr\u00e9er d\u2019autres sons. En fait cette technique permet de jouer les tons qui se trouvent entre la note aspir\u00e9e et la note souffl\u00e9e d\u2019un m\u00eame trou. Ces bending, comme ils sont appel\u00e9s, sont cr\u00e9\u00e9s en aspirant dans les trous 1 \u00e0 6 et en soufflant dans les trous 7 \u00e0 10. Beaucoup plus tard, dans les ann\u00e9es 70 est apparue une autre forme d\u2019alt\u00e9ration, les overblows qui permettent d\u2019alt\u00e9rer en soufflant dans les trous 1 \u00e0 6 et en aspirant dans les trous 7 \u00e0 10. Ces diff\u00e9rentes techniques font qu\u2019il est maintenant possible de jouer des gammes chromatique avec ce petit instrument diatonique. Pourtant l\u2019exploration des possibilit\u00e9s de l\u2019instrument n\u2019est pas termin\u00e9e puisque on entends parler maintenant de doubles, triples, quadruples ou qintuples overblows.<\/p>\r\n\r\n\r\n\r\n<p>Malgr\u00e9s toutes ces trouvailles r\u00e9centes, quoi de mieux que d\u2019\u00e9couter un bon vieux disque de Sony Terry, de Sonny Boy Williamson, de Little Walter et de tant d\u2019autres, qui ont \u00e9t\u00e9 les pr\u00e9curseurs qui ont r\u00e9ellement d\u00e9velopp\u00e9 les innombrables possibilit\u00e9s expressives de l\u2019harmonica.<\/p>\r\n\r\n\r\n\r\n<p>D\u2019abord consid\u00e9r\u00e9 comme un bijou puis comme un jouet, il est devenu, gr\u00e2ce \u00e0 eux un des instrument majeur du blues.<\/p>\r\n\r\n\r\n\r\n<p>***<\/p>\r\n\r\n\r\n\r\n<p>L&rsquo;harmonica est un\u00a0<a href=\"https:\/\/www.universalis.fr\/encyclopedie\/orgue\/\">orgue<\/a>\u00a0\u00e0 bouche occidental. En Orient, les orgues \u00e0 bouche semblent \u00eatre apparus en Chine, sous les noms de\u00a0<em>he<\/em>\u00a0et de\u00a0<em>yu<\/em>, entre le\u00a0XIV<sup>e<\/sup>\u00a0et le\u00a0XII<sup>e<\/sup>\u00a0si\u00e8cle avant J.-C.\u00a0; ils ont donn\u00e9 le\u00a0<em>sheng<\/em>\u00a0chinois, attest\u00e9 vers le\u00a0VII<sup>e<\/sup>\u00a0si\u00e8cle avant J.-C., le sh\u014d japonais et le\u00a0<em>saenghwang<\/em>\u00a0cor\u00e9en. Il est \u00e9tabli que des instruments de ce type ont \u00e9t\u00e9 import\u00e9s en Allemagne \u00e0 la fin du\u00a0XVIII<sup>e<\/sup>\u00a0si\u00e8cle, mais peut-\u00eatre avaient-ils \u00e9t\u00e9 introduits en Europe par des moines d\u00e8s le\u00a0XVII<sup>e<\/sup>\u00a0si\u00e8cle.<\/p>\r\n\r\n\r\n\r\n<p>L&rsquo;instrument moderne, appel\u00e9 en Allemagne\u00a0<em>Mundharmonika<\/em>\u00a0(harmonica \u00e0 bouche)<em>,<\/em>\u00a0a \u00e9t\u00e9 invent\u00e9 en 1822 par un horloger allemand, Christian Friedrich Ludwig Buschmann. En 1857, un autre horloger allemand, Matthias Hohner, fonde \u00e0 Trossingen, en Bade-Wurtemberg, la firme Hohner, qui commence \u00e0 produire de mani\u00e8re industrielle les harmonicas. La production cro\u00eet rapidement pour exploser \u00e0 la fin du\u00a0XIX<sup>e<\/sup>\u00a0si\u00e8cle. C&rsquo;est que l&rsquo;instrument remporte un \u00e9norme succ\u00e8s aux \u00c9tats-Unis, o\u00f9 il est export\u00e9 d\u00e8s 1862. En 1896, un des mod\u00e8les de Hohner, le Marine Band, est brevet\u00e9 dans ce pays, o\u00f9 il va rencontrer un \u00e9norme succ\u00e8s. Le\u00a0<a href=\"https:\/\/www.universalis.fr\/encyclopedie\/blues\/\">blues<\/a>\u00a0adoptera l&rsquo;harmonica diatonique au d\u00e9but du\u00a0XX<sup>e<\/sup>\u00a0si\u00e8cle, car c&rsquo;est l&rsquo;instrument transportable et expressif par excellence. Le mod\u00e8le chromatique devient lui aussi fort populaire. Le virtuose\u00a0<a href=\"https:\/\/www.universalis.fr\/encyclopedie\/larry-adler\/\">Larry Adler<\/a>(1914-2001) devient une star internationale \u00e0 la fin des ann\u00e9es 1920.<\/p>\r\n\r\n\r\n\r\n<p>Apr\u00e8s la Seconde Guerre mondiale, l&rsquo;harmonica appara\u00eet menac\u00e9 par son image d&rsquo;instrument populaire dans un monde ou le rock &lsquo;n&rsquo; roll \u00e9crase les autres musiques populaires. Mais, d\u00e8s les ann\u00e9es 1960, de nombreux artistes, parmi lesquels les repr\u00e9sentants de la \u00ab\u00a0British invasion\u00a0\u00bb \u2013\u00a0comme les\u00a0<a href=\"https:\/\/www.universalis.fr\/encyclopedie\/beatles\/\">Beatles<\/a>, les\u00a0<a href=\"https:\/\/www.universalis.fr\/encyclopedie\/rolling-stones-reperes-chronologiques\/\">Rolling Stones<\/a>\u00a0ou les Yardbirds\u00a0\u2013, vont le brandir comme un embl\u00e8me de leur attachement aux racines blues.<\/p>\r\n","protected":false},"excerpt":{"rendered":"<p>Voici l\u2019histoire de ce petit instrument qui est probablement un des plus r\u00e9pandus sur toute la terre et qui est n\u00e9 tout pr\u00e8s de chez nous. En effet, si l\u2019on excepte le\u00a0m\u2019buat\u00a0chinois qui fut le premier instrument \u00e0 anches libres fait en bambou apparu environ 3000 ans avant notre \u00e8re, l\u2019harmonica sous sa forme actuelle &hellip; <a href=\"https:\/\/www.latelieramusique.fr\/bobbym\/harmonica\/\" class=\"more-link\">Continuer la lecture de <span class=\"screen-reader-text\">L&rsquo;HARMONICA<\/span> <span class=\"meta-nav\">&rarr;<\/span><\/a><\/p>\n","protected":false},"author":9,"featured_media":445,"parent":0,"menu_order":0,"comment_status":"closed","ping_status":"closed","template":"","meta":{"_acf_changed":false,"_exactmetrics_skip_tracking":false,"_exactmetrics_sitenote_active":false,"_exactmetrics_sitenote_note":"","_exactmetrics_sitenote_category":0,"footnotes":""},"class_list":["post-5383","page","type-page","status-publish","has-post-thumbnail","hentry"],"acf":[],"yoast_head":"<!-- This site is optimized with the Yoast SEO plugin v27.5 - https:\/\/yoast.com\/product\/yoast-seo-wordpress\/ -->\n<title>L&#039;HARMONICA - Bobby M Bobby M<\/title>\n<meta name=\"robots\" content=\"index, follow, max-snippet:-1, max-image-preview:large, max-video-preview:-1\" \/>\n<link rel=\"canonical\" href=\"https:\/\/www.latelieramusique.fr\/bobbym\/harmonica\/\" \/>\n<meta property=\"og:locale\" content=\"fr_FR\" \/>\n<meta property=\"og:type\" content=\"article\" \/>\n<meta property=\"og:title\" content=\"L&#039;HARMONICA - Bobby M Bobby M\" \/>\n<meta property=\"og:description\" content=\"Voici l\u2019histoire de ce petit instrument qui est probablement un des plus r\u00e9pandus sur toute la terre et qui est n\u00e9 tout pr\u00e8s de chez nous. En effet, si l\u2019on excepte le\u00a0m\u2019buat\u00a0chinois qui fut le premier instrument \u00e0 anches libres fait en bambou apparu environ 3000 ans avant notre \u00e8re, l\u2019harmonica sous sa forme actuelle &hellip; Continuer la lecture de L&rsquo;HARMONICA &rarr;\" \/>\n<meta property=\"og:url\" content=\"https:\/\/www.latelieramusique.fr\/bobbym\/harmonica\/\" \/>\n<meta property=\"og:site_name\" content=\"Bobby M\" \/>\n<meta property=\"article:modified_time\" content=\"2024-08-09T03:44:22+00:00\" \/>\n<meta property=\"og:image\" content=\"http:\/\/www.latelieramusique.fr\/bobbym\/wp-content\/uploads\/sites\/8\/2015\/01\/DSC5310-Modifier.jpg\" \/>\n\t<meta property=\"og:image:width\" content=\"1500\" \/>\n\t<meta property=\"og:image:height\" content=\"1000\" \/>\n\t<meta property=\"og:image:type\" content=\"image\/jpeg\" \/>\n<meta name=\"twitter:label1\" content=\"Dur\u00e9e de lecture estim\u00e9e\" \/>\n\t<meta name=\"twitter:data1\" content=\"6 minutes\" \/>\n<script type=\"application\/ld+json\" class=\"yoast-schema-graph\">{\"@context\":\"https:\\\/\\\/schema.org\",\"@graph\":[{\"@type\":\"WebPage\",\"@id\":\"https:\\\/\\\/www.latelieramusique.fr\\\/bobbym\\\/harmonica\\\/\",\"url\":\"https:\\\/\\\/www.latelieramusique.fr\\\/bobbym\\\/harmonica\\\/\",\"name\":\"L'HARMONICA - Bobby M Bobby M\",\"isPartOf\":{\"@id\":\"https:\\\/\\\/www.latelieramusique.fr\\\/bobbym\\\/#website\"},\"primaryImageOfPage\":{\"@id\":\"https:\\\/\\\/www.latelieramusique.fr\\\/bobbym\\\/harmonica\\\/#primaryimage\"},\"image\":{\"@id\":\"https:\\\/\\\/www.latelieramusique.fr\\\/bobbym\\\/harmonica\\\/#primaryimage\"},\"thumbnailUrl\":\"https:\\\/\\\/www.latelieramusique.fr\\\/bobbym\\\/wp-content\\\/uploads\\\/sites\\\/8\\\/2015\\\/01\\\/DSC5310-Modifier.jpg\",\"datePublished\":\"2019-07-21T16:56:49+00:00\",\"dateModified\":\"2024-08-09T03:44:22+00:00\",\"breadcrumb\":{\"@id\":\"https:\\\/\\\/www.latelieramusique.fr\\\/bobbym\\\/harmonica\\\/#breadcrumb\"},\"inLanguage\":\"fr-FR\",\"potentialAction\":[{\"@type\":\"ReadAction\",\"target\":[\"https:\\\/\\\/www.latelieramusique.fr\\\/bobbym\\\/harmonica\\\/\"]}]},{\"@type\":\"ImageObject\",\"inLanguage\":\"fr-FR\",\"@id\":\"https:\\\/\\\/www.latelieramusique.fr\\\/bobbym\\\/harmonica\\\/#primaryimage\",\"url\":\"https:\\\/\\\/www.latelieramusique.fr\\\/bobbym\\\/wp-content\\\/uploads\\\/sites\\\/8\\\/2015\\\/01\\\/DSC5310-Modifier.jpg\",\"contentUrl\":\"https:\\\/\\\/www.latelieramusique.fr\\\/bobbym\\\/wp-content\\\/uploads\\\/sites\\\/8\\\/2015\\\/01\\\/DSC5310-Modifier.jpg\",\"width\":1500,\"height\":1000},{\"@type\":\"BreadcrumbList\",\"@id\":\"https:\\\/\\\/www.latelieramusique.fr\\\/bobbym\\\/harmonica\\\/#breadcrumb\",\"itemListElement\":[{\"@type\":\"ListItem\",\"position\":1,\"name\":\"Accueil\",\"item\":\"https:\\\/\\\/www.latelieramusique.fr\\\/bobbym\\\/\"},{\"@type\":\"ListItem\",\"position\":2,\"name\":\"L&rsquo;HARMONICA\"}]},{\"@type\":\"WebSite\",\"@id\":\"https:\\\/\\\/www.latelieramusique.fr\\\/bobbym\\\/#website\",\"url\":\"https:\\\/\\\/www.latelieramusique.fr\\\/bobbym\\\/\",\"name\":\"Bobby M\",\"description\":\"L&#039;esprit Musiques Actuelles\",\"inLanguage\":\"fr-FR\"}]}<\/script>\n<!-- \/ Yoast SEO plugin. -->","yoast_head_json":{"title":"L'HARMONICA - Bobby M Bobby M","robots":{"index":"index","follow":"follow","max-snippet":"max-snippet:-1","max-image-preview":"max-image-preview:large","max-video-preview":"max-video-preview:-1"},"canonical":"https:\/\/www.latelieramusique.fr\/bobbym\/harmonica\/","og_locale":"fr_FR","og_type":"article","og_title":"L'HARMONICA - Bobby M Bobby M","og_description":"Voici l\u2019histoire de ce petit instrument qui est probablement un des plus r\u00e9pandus sur toute la terre et qui est n\u00e9 tout pr\u00e8s de chez nous. En effet, si l\u2019on excepte le\u00a0m\u2019buat\u00a0chinois qui fut le premier instrument \u00e0 anches libres fait en bambou apparu environ 3000 ans avant notre \u00e8re, l\u2019harmonica sous sa forme actuelle &hellip; Continuer la lecture de L&rsquo;HARMONICA &rarr;","og_url":"https:\/\/www.latelieramusique.fr\/bobbym\/harmonica\/","og_site_name":"Bobby M","article_modified_time":"2024-08-09T03:44:22+00:00","og_image":[{"width":1500,"height":1000,"url":"http:\/\/www.latelieramusique.fr\/bobbym\/wp-content\/uploads\/sites\/8\/2015\/01\/DSC5310-Modifier.jpg","type":"image\/jpeg"}],"twitter_misc":{"Dur\u00e9e de lecture estim\u00e9e":"6 minutes"},"schema":{"@context":"https:\/\/schema.org","@graph":[{"@type":"WebPage","@id":"https:\/\/www.latelieramusique.fr\/bobbym\/harmonica\/","url":"https:\/\/www.latelieramusique.fr\/bobbym\/harmonica\/","name":"L'HARMONICA - Bobby M Bobby M","isPartOf":{"@id":"https:\/\/www.latelieramusique.fr\/bobbym\/#website"},"primaryImageOfPage":{"@id":"https:\/\/www.latelieramusique.fr\/bobbym\/harmonica\/#primaryimage"},"image":{"@id":"https:\/\/www.latelieramusique.fr\/bobbym\/harmonica\/#primaryimage"},"thumbnailUrl":"https:\/\/www.latelieramusique.fr\/bobbym\/wp-content\/uploads\/sites\/8\/2015\/01\/DSC5310-Modifier.jpg","datePublished":"2019-07-21T16:56:49+00:00","dateModified":"2024-08-09T03:44:22+00:00","breadcrumb":{"@id":"https:\/\/www.latelieramusique.fr\/bobbym\/harmonica\/#breadcrumb"},"inLanguage":"fr-FR","potentialAction":[{"@type":"ReadAction","target":["https:\/\/www.latelieramusique.fr\/bobbym\/harmonica\/"]}]},{"@type":"ImageObject","inLanguage":"fr-FR","@id":"https:\/\/www.latelieramusique.fr\/bobbym\/harmonica\/#primaryimage","url":"https:\/\/www.latelieramusique.fr\/bobbym\/wp-content\/uploads\/sites\/8\/2015\/01\/DSC5310-Modifier.jpg","contentUrl":"https:\/\/www.latelieramusique.fr\/bobbym\/wp-content\/uploads\/sites\/8\/2015\/01\/DSC5310-Modifier.jpg","width":1500,"height":1000},{"@type":"BreadcrumbList","@id":"https:\/\/www.latelieramusique.fr\/bobbym\/harmonica\/#breadcrumb","itemListElement":[{"@type":"ListItem","position":1,"name":"Accueil","item":"https:\/\/www.latelieramusique.fr\/bobbym\/"},{"@type":"ListItem","position":2,"name":"L&rsquo;HARMONICA"}]},{"@type":"WebSite","@id":"https:\/\/www.latelieramusique.fr\/bobbym\/#website","url":"https:\/\/www.latelieramusique.fr\/bobbym\/","name":"Bobby M","description":"L&#039;esprit Musiques Actuelles","inLanguage":"fr-FR"}]}},"_links":{"self":[{"href":"https:\/\/www.latelieramusique.fr\/bobbym\/wp-json\/wp\/v2\/pages\/5383","targetHints":{"allow":["GET"]}}],"collection":[{"href":"https:\/\/www.latelieramusique.fr\/bobbym\/wp-json\/wp\/v2\/pages"}],"about":[{"href":"https:\/\/www.latelieramusique.fr\/bobbym\/wp-json\/wp\/v2\/types\/page"}],"author":[{"embeddable":true,"href":"https:\/\/www.latelieramusique.fr\/bobbym\/wp-json\/wp\/v2\/users\/9"}],"replies":[{"embeddable":true,"href":"https:\/\/www.latelieramusique.fr\/bobbym\/wp-json\/wp\/v2\/comments?post=5383"}],"version-history":[{"count":3,"href":"https:\/\/www.latelieramusique.fr\/bobbym\/wp-json\/wp\/v2\/pages\/5383\/revisions"}],"predecessor-version":[{"id":7129,"href":"https:\/\/www.latelieramusique.fr\/bobbym\/wp-json\/wp\/v2\/pages\/5383\/revisions\/7129"}],"wp:featuredmedia":[{"embeddable":true,"href":"https:\/\/www.latelieramusique.fr\/bobbym\/wp-json\/wp\/v2\/media\/445"}],"wp:attachment":[{"href":"https:\/\/www.latelieramusique.fr\/bobbym\/wp-json\/wp\/v2\/media?parent=5383"}],"curies":[{"name":"wp","href":"https:\/\/api.w.org\/{rel}","templated":true}]}}