{"id":152,"date":"2014-09-05T18:00:39","date_gmt":"2014-09-05T16:00:39","guid":{"rendered":"http:\/\/dev2.latelieramusique.fr\/template\/g\/?page_id=152"},"modified":"2017-03-02T11:53:06","modified_gmt":"2017-03-02T10:53:06","slug":"home-page","status":"publish","type":"page","link":"https:\/\/www.latelieramusique.fr\/ensembledurufle\/","title":{"rendered":"Home"},"content":{"rendered":"","protected":false},"excerpt":{"rendered":"","protected":false},"author":11,"featured_media":0,"parent":0,"menu_order":1,"comment_status":"closed","ping_status":"closed","template":"page-templates\/page-home.php","meta":{"_acf_changed":false,"_exactmetrics_skip_tracking":false,"_exactmetrics_sitenote_active":false,"_exactmetrics_sitenote_note":"","_exactmetrics_sitenote_category":0,"footnotes":""},"class_list":["post-152","page","type-page","status-publish","hentry"],"acf":[],"yoast_head":"<!-- This site is optimized with the Yoast SEO plugin v27.4 - https:\/\/yoast.com\/product\/yoast-seo-wordpress\/ -->\n<title>Titre de la page<\/title>\n<meta name=\"description\" content=\"Ici pr\u00e9sentez-vous bri\u00e8vement (en 156 caract\u00e8res)\" \/>\n<meta name=\"robots\" content=\"index, follow, max-snippet:-1, max-image-preview:large, max-video-preview:-1\" \/>\n<link rel=\"canonical\" href=\"https:\/\/www.latelieramusique.fr\/ensembledurufle\/\" \/>\n<meta property=\"og:locale\" content=\"fr_FR\" \/>\n<meta property=\"og:type\" content=\"article\" \/>\n<meta property=\"og:title\" content=\"Titre de la page\" \/>\n<meta property=\"og:description\" content=\"Ici pr\u00e9sentez-vous bri\u00e8vement (en 156 caract\u00e8res)\" \/>\n<meta property=\"og:url\" content=\"https:\/\/www.latelieramusique.fr\/ensembledurufle\/\" \/>\n<meta property=\"og:site_name\" content=\"Ensemble Durufl\u00e9\" \/>\n<meta property=\"article:modified_time\" content=\"2017-03-02T10:53:06+00:00\" \/>\n<meta name=\"twitter:card\" content=\"summary_large_image\" \/>\n<script type=\"application\/ld+json\" class=\"yoast-schema-graph\">{\"@context\":\"https:\\\/\\\/schema.org\",\"@graph\":[{\"@type\":\"WebPage\",\"@id\":\"https:\\\/\\\/www.latelieramusique.fr\\\/ensembledurufle\\\/\",\"url\":\"https:\\\/\\\/www.latelieramusique.fr\\\/ensembledurufle\\\/\",\"name\":\"Titre de la page\",\"isPartOf\":{\"@id\":\"https:\\\/\\\/www.latelieramusique.fr\\\/ensembledurufle\\\/#website\"},\"datePublished\":\"2014-09-05T16:00:39+00:00\",\"dateModified\":\"2017-03-02T10:53:06+00:00\",\"description\":\"Ici pr\u00e9sentez-vous bri\u00e8vement (en 156 caract\u00e8res)\",\"breadcrumb\":{\"@id\":\"https:\\\/\\\/www.latelieramusique.fr\\\/ensembledurufle\\\/#breadcrumb\"},\"inLanguage\":\"fr-FR\",\"potentialAction\":[{\"@type\":\"ReadAction\",\"target\":[\"https:\\\/\\\/www.latelieramusique.fr\\\/ensembledurufle\\\/\"]}]},{\"@type\":\"BreadcrumbList\",\"@id\":\"https:\\\/\\\/www.latelieramusique.fr\\\/ensembledurufle\\\/#breadcrumb\",\"itemListElement\":[{\"@type\":\"ListItem\",\"position\":1,\"name\":\"Accueil\",\"item\":\"https:\\\/\\\/www.latelieramusique.fr\\\/ensembledurufle\\\/\"},{\"@type\":\"ListItem\",\"position\":2,\"name\":\"Home\"}]},{\"@type\":\"WebSite\",\"@id\":\"https:\\\/\\\/www.latelieramusique.fr\\\/ensembledurufle\\\/#website\",\"url\":\"https:\\\/\\\/www.latelieramusique.fr\\\/ensembledurufle\\\/\",\"name\":\"Ensemble Durufl\u00e9\",\"description\":\"Un site utilisant L'Atelier \u00e0 Musique\",\"inLanguage\":\"fr-FR\"}]}<\/script>\n<!-- \/ Yoast SEO plugin. -->","yoast_head_json":{"title":"Titre de la page","description":"Ici pr\u00e9sentez-vous bri\u00e8vement (en 156 caract\u00e8res)","robots":{"index":"index","follow":"follow","max-snippet":"max-snippet:-1","max-image-preview":"max-image-preview:large","max-video-preview":"max-video-preview:-1"},"canonical":"https:\/\/www.latelieramusique.fr\/ensembledurufle\/","og_locale":"fr_FR","og_type":"article","og_title":"Titre de la page","og_description":"Ici pr\u00e9sentez-vous bri\u00e8vement (en 156 caract\u00e8res)","og_url":"https:\/\/www.latelieramusique.fr\/ensembledurufle\/","og_site_name":"Ensemble Durufl\u00e9","article_modified_time":"2017-03-02T10:53:06+00:00","twitter_card":"summary_large_image","schema":{"@context":"https:\/\/schema.org","@graph":[{"@type":"WebPage","@id":"https:\/\/www.latelieramusique.fr\/ensembledurufle\/","url":"https:\/\/www.latelieramusique.fr\/ensembledurufle\/","name":"Titre de la page","isPartOf":{"@id":"https:\/\/www.latelieramusique.fr\/ensembledurufle\/#website"},"datePublished":"2014-09-05T16:00:39+00:00","dateModified":"2017-03-02T10:53:06+00:00","description":"Ici pr\u00e9sentez-vous bri\u00e8vement (en 156 caract\u00e8res)","breadcrumb":{"@id":"https:\/\/www.latelieramusique.fr\/ensembledurufle\/#breadcrumb"},"inLanguage":"fr-FR","potentialAction":[{"@type":"ReadAction","target":["https:\/\/www.latelieramusique.fr\/ensembledurufle\/"]}]},{"@type":"BreadcrumbList","@id":"https:\/\/www.latelieramusique.fr\/ensembledurufle\/#breadcrumb","itemListElement":[{"@type":"ListItem","position":1,"name":"Accueil","item":"https:\/\/www.latelieramusique.fr\/ensembledurufle\/"},{"@type":"ListItem","position":2,"name":"Home"}]},{"@type":"WebSite","@id":"https:\/\/www.latelieramusique.fr\/ensembledurufle\/#website","url":"https:\/\/www.latelieramusique.fr\/ensembledurufle\/","name":"Ensemble Durufl\u00e9","description":"Un site utilisant L'Atelier \u00e0 Musique","inLanguage":"fr-FR"}]}},"_links":{"self":[{"href":"https:\/\/www.latelieramusique.fr\/ensembledurufle\/wp-json\/wp\/v2\/pages\/152","targetHints":{"allow":["GET"]}}],"collection":[{"href":"https:\/\/www.latelieramusique.fr\/ensembledurufle\/wp-json\/wp\/v2\/pages"}],"about":[{"href":"https:\/\/www.latelieramusique.fr\/ensembledurufle\/wp-json\/wp\/v2\/types\/page"}],"author":[{"embeddable":true,"href":"https:\/\/www.latelieramusique.fr\/ensembledurufle\/wp-json\/wp\/v2\/users\/11"}],"replies":[{"embeddable":true,"href":"https:\/\/www.latelieramusique.fr\/ensembledurufle\/wp-json\/wp\/v2\/comments?post=152"}],"version-history":[{"count":4,"href":"https:\/\/www.latelieramusique.fr\/ensembledurufle\/wp-json\/wp\/v2\/pages\/152\/revisions"}],"predecessor-version":[{"id":450,"href":"https:\/\/www.latelieramusique.fr\/ensembledurufle\/wp-json\/wp\/v2\/pages\/152\/revisions\/450"}],"wp:attachment":[{"href":"https:\/\/www.latelieramusique.fr\/ensembledurufle\/wp-json\/wp\/v2\/media?parent=152"}],"curies":[{"name":"wp","href":"https:\/\/api.w.org\/{rel}","templated":true}]}}