{"id":152,"date":"2014-09-05T18:00:39","date_gmt":"2014-09-05T17:00:39","guid":{"rendered":"http:\/\/www.latelieramusique.fr\/template\/g\/?page_id=152"},"modified":"2015-03-12T16:03:08","modified_gmt":"2015-03-12T15:03:08","slug":"home-page","status":"publish","type":"page","link":"https:\/\/www.latelieramusique.fr\/template\/","title":{"rendered":"Home"},"content":{"rendered":"","protected":false},"excerpt":{"rendered":"","protected":false},"author":2,"featured_media":0,"parent":0,"menu_order":1,"comment_status":"closed","ping_status":"closed","template":"page-templates\/page-home.php","meta":{"_acf_changed":false,"_exactmetrics_skip_tracking":false,"_exactmetrics_sitenote_active":false,"_exactmetrics_sitenote_note":"","_exactmetrics_sitenote_category":0,"footnotes":""},"class_list":["post-152","page","type-page","status-publish","hentry"],"acf":[],"yoast_head":"<!-- This site is optimized with the Yoast SEO plugin v27.6 - https:\/\/yoast.com\/product\/yoast-seo-wordpress\/ -->\n<title>L&#039;Atelier \u00e0 Musique - Template Musicien<\/title>\n<meta name=\"description\" content=\"Un produit sur-mesure pour accroitre votre capacit\u00e9 \u00e0 communiquer sur vos pratiques Musicales et \u00e0 d\u00e9marcher des diffuseurs de spectacle vivant.\" \/>\n<meta name=\"robots\" content=\"index, follow, max-snippet:-1, max-image-preview:large, max-video-preview:-1\" \/>\n<link rel=\"canonical\" href=\"https:\/\/www.latelieramusique.fr\/template\/\" \/>\n<meta property=\"og:locale\" content=\"fr_FR\" \/>\n<meta property=\"og:type\" content=\"article\" \/>\n<meta property=\"og:title\" content=\"L&#039;Atelier \u00e0 Musique - Template Musicien\" \/>\n<meta property=\"og:description\" content=\"Un produit sur-mesure pour accroitre votre capacit\u00e9 \u00e0 communiquer sur vos pratiques Musicales et \u00e0 d\u00e9marcher des diffuseurs de spectacle vivant.\" \/>\n<meta property=\"og:url\" content=\"https:\/\/www.latelieramusique.fr\/template\/\" \/>\n<meta property=\"og:site_name\" content=\"Votre espace musical\" \/>\n<meta property=\"article:modified_time\" content=\"2015-03-12T15:03:08+00:00\" \/>\n<script type=\"application\/ld+json\" class=\"yoast-schema-graph\">{\"@context\":\"https:\\\/\\\/schema.org\",\"@graph\":[{\"@type\":\"WebPage\",\"@id\":\"https:\\\/\\\/www.latelieramusique.fr\\\/template\\\/\",\"url\":\"https:\\\/\\\/www.latelieramusique.fr\\\/template\\\/\",\"name\":\"L'Atelier \u00e0 Musique - Template Musicien\",\"isPartOf\":{\"@id\":\"https:\\\/\\\/www.latelieramusique.fr\\\/template\\\/#website\"},\"datePublished\":\"2014-09-05T17:00:39+00:00\",\"dateModified\":\"2015-03-12T15:03:08+00:00\",\"description\":\"Un produit sur-mesure pour accroitre votre capacit\u00e9 \u00e0 communiquer sur vos pratiques Musicales et \u00e0 d\u00e9marcher des diffuseurs de spectacle vivant.\",\"breadcrumb\":{\"@id\":\"https:\\\/\\\/www.latelieramusique.fr\\\/template\\\/#breadcrumb\"},\"inLanguage\":\"fr-FR\",\"potentialAction\":[{\"@type\":\"ReadAction\",\"target\":[\"https:\\\/\\\/www.latelieramusique.fr\\\/template\\\/\"]}]},{\"@type\":\"BreadcrumbList\",\"@id\":\"https:\\\/\\\/www.latelieramusique.fr\\\/template\\\/#breadcrumb\",\"itemListElement\":[{\"@type\":\"ListItem\",\"position\":1,\"name\":\"Accueil\",\"item\":\"https:\\\/\\\/www.latelieramusique.fr\\\/template\\\/\"},{\"@type\":\"ListItem\",\"position\":2,\"name\":\"Home\"}]},{\"@type\":\"WebSite\",\"@id\":\"https:\\\/\\\/www.latelieramusique.fr\\\/template\\\/#website\",\"url\":\"https:\\\/\\\/www.latelieramusique.fr\\\/template\\\/\",\"name\":\"Votre espace musical\",\"description\":\"Une offre de service de L&#039;Atelier \u00e0 Musique\",\"inLanguage\":\"fr-FR\"}]}<\/script>\n<!-- \/ Yoast SEO plugin. -->","yoast_head_json":{"title":"L'Atelier \u00e0 Musique - Template Musicien","description":"Un produit sur-mesure pour accroitre votre capacit\u00e9 \u00e0 communiquer sur vos pratiques Musicales et \u00e0 d\u00e9marcher des diffuseurs de spectacle vivant.","robots":{"index":"index","follow":"follow","max-snippet":"max-snippet:-1","max-image-preview":"max-image-preview:large","max-video-preview":"max-video-preview:-1"},"canonical":"https:\/\/www.latelieramusique.fr\/template\/","og_locale":"fr_FR","og_type":"article","og_title":"L'Atelier \u00e0 Musique - Template Musicien","og_description":"Un produit sur-mesure pour accroitre votre capacit\u00e9 \u00e0 communiquer sur vos pratiques Musicales et \u00e0 d\u00e9marcher des diffuseurs de spectacle vivant.","og_url":"https:\/\/www.latelieramusique.fr\/template\/","og_site_name":"Votre espace musical","article_modified_time":"2015-03-12T15:03:08+00:00","schema":{"@context":"https:\/\/schema.org","@graph":[{"@type":"WebPage","@id":"https:\/\/www.latelieramusique.fr\/template\/","url":"https:\/\/www.latelieramusique.fr\/template\/","name":"L'Atelier \u00e0 Musique - Template Musicien","isPartOf":{"@id":"https:\/\/www.latelieramusique.fr\/template\/#website"},"datePublished":"2014-09-05T17:00:39+00:00","dateModified":"2015-03-12T15:03:08+00:00","description":"Un produit sur-mesure pour accroitre votre capacit\u00e9 \u00e0 communiquer sur vos pratiques Musicales et \u00e0 d\u00e9marcher des diffuseurs de spectacle vivant.","breadcrumb":{"@id":"https:\/\/www.latelieramusique.fr\/template\/#breadcrumb"},"inLanguage":"fr-FR","potentialAction":[{"@type":"ReadAction","target":["https:\/\/www.latelieramusique.fr\/template\/"]}]},{"@type":"BreadcrumbList","@id":"https:\/\/www.latelieramusique.fr\/template\/#breadcrumb","itemListElement":[{"@type":"ListItem","position":1,"name":"Accueil","item":"https:\/\/www.latelieramusique.fr\/template\/"},{"@type":"ListItem","position":2,"name":"Home"}]},{"@type":"WebSite","@id":"https:\/\/www.latelieramusique.fr\/template\/#website","url":"https:\/\/www.latelieramusique.fr\/template\/","name":"Votre espace musical","description":"Une offre de service de L&#039;Atelier \u00e0 Musique","inLanguage":"fr-FR"}]}},"_links":{"self":[{"href":"https:\/\/www.latelieramusique.fr\/template\/wp-json\/wp\/v2\/pages\/152","targetHints":{"allow":["GET"]}}],"collection":[{"href":"https:\/\/www.latelieramusique.fr\/template\/wp-json\/wp\/v2\/pages"}],"about":[{"href":"https:\/\/www.latelieramusique.fr\/template\/wp-json\/wp\/v2\/types\/page"}],"author":[{"embeddable":true,"href":"https:\/\/www.latelieramusique.fr\/template\/wp-json\/wp\/v2\/users\/2"}],"replies":[{"embeddable":true,"href":"https:\/\/www.latelieramusique.fr\/template\/wp-json\/wp\/v2\/comments?post=152"}],"version-history":[{"count":8,"href":"https:\/\/www.latelieramusique.fr\/template\/wp-json\/wp\/v2\/pages\/152\/revisions"}],"predecessor-version":[{"id":503,"href":"https:\/\/www.latelieramusique.fr\/template\/wp-json\/wp\/v2\/pages\/152\/revisions\/503"}],"wp:attachment":[{"href":"https:\/\/www.latelieramusique.fr\/template\/wp-json\/wp\/v2\/media?parent=152"}],"curies":[{"name":"wp","href":"https:\/\/api.w.org\/{rel}","templated":true}]}}