{"id":127,"date":"2014-09-03T13:40:24","date_gmt":"2014-09-03T12:40:24","guid":{"rendered":"http:\/\/www.latelieramusique.fr\/template\/g\/?page_id=127"},"modified":"2017-08-01T14:51:22","modified_gmt":"2017-08-01T12:51:22","slug":"biographie","status":"publish","type":"page","link":"https:\/\/www.latelieramusique.fr\/yumikonakamura\/biographie\/","title":{"rendered":"Biographie"},"content":{"rendered":"<p><img loading=\"lazy\" decoding=\"async\" class=\"size-thumbnail wp-image-522 alignleft\" src=\"http:\/\/www.latelieramusique.fr\/yumikonakamura\/wp-content\/uploads\/sites\/5\/2014\/09\/shamisen-150x150.jpg\" alt=\"\" width=\"150\" height=\"150\" \/>D\u00e9but de l\u2019\u00e9tude du shamisen (luth japonais) en 2005 \u00e0 Tokyo. Rencontre de Fukushi Toyomitsu, joueuse de\u00a0Tsugaru shamisen de Fukuhokai (une des grandes \u00ab maisons \u00bb du shamisen).<\/p>\n<p>Travail de la technique instrumentale et de l\u2019accompagnement des chanteurs de Tsugaru Minyo (chanson traditionnelle de la r\u00e9gion nord du Japon).<\/p>\n<p>Repr\u00e9sentations dans quelques Minyo Sakaba (bar de musique traditionnelle).<\/p>\n<p>Participations \u00e0 des concerts de Fukushi Toyoaki (responsable de Fukuhokai).<\/p>\n<p>Yumiko Nakamura est install\u00e9e en France depuis Juillet 2009, \u00e0 Paris puis \u00e0 Orl\u00e9ans.<\/p>\n<p>Depuis l\u2019\u00e9t\u00e9 2010, cr\u00e9ation du groupe de Tsugaru Minyo \u00ab Hana-Akari \u00bb :<img loading=\"lazy\" decoding=\"async\" class=\"size-thumbnail wp-image-519 alignleft\" src=\"http:\/\/www.latelieramusique.fr\/yumikonakamura\/wp-content\/uploads\/sites\/5\/2017\/03\/hana-akari3-150x150.jpg\" alt=\"\" width=\"150\" height=\"150\" \/><\/p>\n<p class=\"font_8\"><span class=\"color_14\">Yumiko Nakamura joue du\u00a0shamisen,\u00a0<\/span><span class=\"color_14\">Gentiane G.\u00a0<\/span><span class=\"color_14\">chante des chants du monde.\u00a0<\/span><span class=\"color_14\">Quand elles se rencontrent en 2010, quelques\u00a0essais\u00a0et\u00a0l&rsquo;\u00e9vidence\u00a0s&rsquo;impose\u00a0:\u00a0<\/span><span class=\"color_14\">Hana-Akari, duo franco-japonais deTsugaru Minyo, na\u00eet dans la foul\u00e9e.<\/span><\/p>\n<p class=\"font_8\"><span class=\"color_14\">Leur\u00a0r\u00e9pertoire est traditionnel !\u00a0<\/span><span class=\"color_14\">Il s&rsquo;agit\u00a0de chansons folkloriques qui c\u00e9l\u00e8brent\u00a0la vie quotidienne : les saisons, la famille et le mariage, le travail.\u00a0<\/span><span class=\"color_14\">Les personnages des chants<\/span><span class=\"color_14\"> Minyo <\/span><span class=\"color_14\">racontent les professions et les commerces d\u2019antan :\u00a0p\u00eacheurs, riziculteurs, marchands&#8230;\u00a0<\/span><span class=\"color_14\">Les concerts sont l&rsquo;occasion d&rsquo;en dire un peu plus !<\/span><\/p>\n<p>&nbsp;<\/p>\n<p>Elle s&rsquo;investit ponctuellement dans d&rsquo;autres projets : elle a notamment accompagn\u00e9 au shamisen la danse but\u00f4 d&rsquo;Eijiro Takahashi pour le spectacle \u00ab\u00a0LEI\u00a0\u00bb ou particip\u00e9 \u00e0 des concerts de l&rsquo;Ensemble SAKURA. Yumiko Nakamura a jou\u00e9 du shamisen sur un morceau de l&rsquo;EP de Kumisolo \u00ab\u00a0La femme japonaise\u00a0\u00bb.<\/p>\n<p>Elle se produit un peu partout en France et en particulier \u00e0 Paris.<\/p>\n<p style=\"text-align: justify\">\n","protected":false},"excerpt":{"rendered":"<p>D\u00e9but de l\u2019\u00e9tude du shamisen (luth japonais) en 2005 \u00e0 Tokyo. Rencontre de Fukushi Toyomitsu, joueuse de\u00a0Tsugaru shamisen de Fukuhokai (une des grandes \u00ab maisons \u00bb du shamisen). Travail de la technique instrumentale et de l\u2019accompagnement des chanteurs de Tsugaru Minyo (chanson traditionnelle de la r\u00e9gion nord du Japon). Repr\u00e9sentations dans quelques Minyo Sakaba (bar &hellip; <a href=\"https:\/\/www.latelieramusique.fr\/yumikonakamura\/biographie\/\" class=\"more-link\">Continuer la lecture de <span class=\"screen-reader-text\">Biographie<\/span> <span class=\"meta-nav\">&rarr;<\/span><\/a><\/p>\n","protected":false},"author":1,"featured_media":0,"parent":0,"menu_order":2,"comment_status":"closed","ping_status":"closed","template":"","meta":{"_acf_changed":false,"_exactmetrics_skip_tracking":false,"_exactmetrics_sitenote_active":false,"_exactmetrics_sitenote_note":"","_exactmetrics_sitenote_category":0,"footnotes":""},"class_list":["post-127","page","type-page","status-publish","hentry"],"acf":[],"yoast_head":"<!-- This site is optimized with the Yoast SEO plugin v27.5 - https:\/\/yoast.com\/product\/yoast-seo-wordpress\/ -->\n<title>Biographie - Yumiko Nakamura<\/title>\n<meta name=\"robots\" content=\"index, follow, max-snippet:-1, max-image-preview:large, max-video-preview:-1\" \/>\n<link rel=\"canonical\" href=\"https:\/\/www.latelieramusique.fr\/yumikonakamura\/biographie\/\" \/>\n<meta property=\"og:locale\" content=\"fr_FR\" \/>\n<meta property=\"og:type\" content=\"article\" \/>\n<meta property=\"og:title\" content=\"Biographie - Yumiko Nakamura\" \/>\n<meta property=\"og:description\" content=\"D\u00e9but de l\u2019\u00e9tude du shamisen (luth japonais) en 2005 \u00e0 Tokyo. Rencontre de Fukushi Toyomitsu, joueuse de\u00a0Tsugaru shamisen de Fukuhokai (une des grandes \u00ab maisons \u00bb du shamisen). Travail de la technique instrumentale et de l\u2019accompagnement des chanteurs de Tsugaru Minyo (chanson traditionnelle de la r\u00e9gion nord du Japon). Repr\u00e9sentations dans quelques Minyo Sakaba (bar &hellip; Continuer la lecture de Biographie &rarr;\" \/>\n<meta property=\"og:url\" content=\"https:\/\/www.latelieramusique.fr\/yumikonakamura\/biographie\/\" \/>\n<meta property=\"og:site_name\" content=\"Yumiko Nakamura\" \/>\n<meta property=\"article:modified_time\" content=\"2017-08-01T12:51:22+00:00\" \/>\n<meta property=\"og:image\" content=\"http:\/\/www.latelieramusique.fr\/yumikonakamura\/wp-content\/uploads\/sites\/5\/2014\/09\/shamisen-150x150.jpg\" \/>\n<meta name=\"twitter:label1\" content=\"Dur\u00e9e de lecture estim\u00e9e\" \/>\n\t<meta name=\"twitter:data1\" content=\"1 minute\" \/>\n<script type=\"application\/ld+json\" class=\"yoast-schema-graph\">{\"@context\":\"https:\\\/\\\/schema.org\",\"@graph\":[{\"@type\":\"WebPage\",\"@id\":\"https:\\\/\\\/www.latelieramusique.fr\\\/yumikonakamura\\\/biographie\\\/\",\"url\":\"https:\\\/\\\/www.latelieramusique.fr\\\/yumikonakamura\\\/biographie\\\/\",\"name\":\"Biographie - Yumiko Nakamura\",\"isPartOf\":{\"@id\":\"https:\\\/\\\/www.latelieramusique.fr\\\/yumikonakamura\\\/#website\"},\"primaryImageOfPage\":{\"@id\":\"https:\\\/\\\/www.latelieramusique.fr\\\/yumikonakamura\\\/biographie\\\/#primaryimage\"},\"image\":{\"@id\":\"https:\\\/\\\/www.latelieramusique.fr\\\/yumikonakamura\\\/biographie\\\/#primaryimage\"},\"thumbnailUrl\":\"http:\\\/\\\/www.latelieramusique.fr\\\/yumikonakamura\\\/wp-content\\\/uploads\\\/sites\\\/5\\\/2014\\\/09\\\/shamisen-150x150.jpg\",\"datePublished\":\"2014-09-03T12:40:24+00:00\",\"dateModified\":\"2017-08-01T12:51:22+00:00\",\"breadcrumb\":{\"@id\":\"https:\\\/\\\/www.latelieramusique.fr\\\/yumikonakamura\\\/biographie\\\/#breadcrumb\"},\"inLanguage\":\"fr-FR\",\"potentialAction\":[{\"@type\":\"ReadAction\",\"target\":[\"https:\\\/\\\/www.latelieramusique.fr\\\/yumikonakamura\\\/biographie\\\/\"]}]},{\"@type\":\"ImageObject\",\"inLanguage\":\"fr-FR\",\"@id\":\"https:\\\/\\\/www.latelieramusique.fr\\\/yumikonakamura\\\/biographie\\\/#primaryimage\",\"url\":\"https:\\\/\\\/www.latelieramusique.fr\\\/yumikonakamura\\\/wp-content\\\/uploads\\\/sites\\\/5\\\/2014\\\/09\\\/shamisen.jpg\",\"contentUrl\":\"https:\\\/\\\/www.latelieramusique.fr\\\/yumikonakamura\\\/wp-content\\\/uploads\\\/sites\\\/5\\\/2014\\\/09\\\/shamisen.jpg\",\"width\":236,\"height\":335},{\"@type\":\"BreadcrumbList\",\"@id\":\"https:\\\/\\\/www.latelieramusique.fr\\\/yumikonakamura\\\/biographie\\\/#breadcrumb\",\"itemListElement\":[{\"@type\":\"ListItem\",\"position\":1,\"name\":\"Accueil\",\"item\":\"https:\\\/\\\/www.latelieramusique.fr\\\/yumikonakamura\\\/\"},{\"@type\":\"ListItem\",\"position\":2,\"name\":\"Biographie\"}]},{\"@type\":\"WebSite\",\"@id\":\"https:\\\/\\\/www.latelieramusique.fr\\\/yumikonakamura\\\/#website\",\"url\":\"https:\\\/\\\/www.latelieramusique.fr\\\/yumikonakamura\\\/\",\"name\":\"Yumiko Nakamura\",\"description\":\"Musiques traditionnelles japonaises - Shamisen\",\"inLanguage\":\"fr-FR\"}]}<\/script>\n<!-- \/ Yoast SEO plugin. -->","yoast_head_json":{"title":"Biographie - Yumiko Nakamura","robots":{"index":"index","follow":"follow","max-snippet":"max-snippet:-1","max-image-preview":"max-image-preview:large","max-video-preview":"max-video-preview:-1"},"canonical":"https:\/\/www.latelieramusique.fr\/yumikonakamura\/biographie\/","og_locale":"fr_FR","og_type":"article","og_title":"Biographie - Yumiko Nakamura","og_description":"D\u00e9but de l\u2019\u00e9tude du shamisen (luth japonais) en 2005 \u00e0 Tokyo. Rencontre de Fukushi Toyomitsu, joueuse de\u00a0Tsugaru shamisen de Fukuhokai (une des grandes \u00ab maisons \u00bb du shamisen). Travail de la technique instrumentale et de l\u2019accompagnement des chanteurs de Tsugaru Minyo (chanson traditionnelle de la r\u00e9gion nord du Japon). Repr\u00e9sentations dans quelques Minyo Sakaba (bar &hellip; Continuer la lecture de Biographie &rarr;","og_url":"https:\/\/www.latelieramusique.fr\/yumikonakamura\/biographie\/","og_site_name":"Yumiko Nakamura","article_modified_time":"2017-08-01T12:51:22+00:00","og_image":[{"url":"http:\/\/www.latelieramusique.fr\/yumikonakamura\/wp-content\/uploads\/sites\/5\/2014\/09\/shamisen-150x150.jpg","type":"","width":"","height":""}],"twitter_misc":{"Dur\u00e9e de lecture estim\u00e9e":"1 minute"},"schema":{"@context":"https:\/\/schema.org","@graph":[{"@type":"WebPage","@id":"https:\/\/www.latelieramusique.fr\/yumikonakamura\/biographie\/","url":"https:\/\/www.latelieramusique.fr\/yumikonakamura\/biographie\/","name":"Biographie - Yumiko Nakamura","isPartOf":{"@id":"https:\/\/www.latelieramusique.fr\/yumikonakamura\/#website"},"primaryImageOfPage":{"@id":"https:\/\/www.latelieramusique.fr\/yumikonakamura\/biographie\/#primaryimage"},"image":{"@id":"https:\/\/www.latelieramusique.fr\/yumikonakamura\/biographie\/#primaryimage"},"thumbnailUrl":"http:\/\/www.latelieramusique.fr\/yumikonakamura\/wp-content\/uploads\/sites\/5\/2014\/09\/shamisen-150x150.jpg","datePublished":"2014-09-03T12:40:24+00:00","dateModified":"2017-08-01T12:51:22+00:00","breadcrumb":{"@id":"https:\/\/www.latelieramusique.fr\/yumikonakamura\/biographie\/#breadcrumb"},"inLanguage":"fr-FR","potentialAction":[{"@type":"ReadAction","target":["https:\/\/www.latelieramusique.fr\/yumikonakamura\/biographie\/"]}]},{"@type":"ImageObject","inLanguage":"fr-FR","@id":"https:\/\/www.latelieramusique.fr\/yumikonakamura\/biographie\/#primaryimage","url":"https:\/\/www.latelieramusique.fr\/yumikonakamura\/wp-content\/uploads\/sites\/5\/2014\/09\/shamisen.jpg","contentUrl":"https:\/\/www.latelieramusique.fr\/yumikonakamura\/wp-content\/uploads\/sites\/5\/2014\/09\/shamisen.jpg","width":236,"height":335},{"@type":"BreadcrumbList","@id":"https:\/\/www.latelieramusique.fr\/yumikonakamura\/biographie\/#breadcrumb","itemListElement":[{"@type":"ListItem","position":1,"name":"Accueil","item":"https:\/\/www.latelieramusique.fr\/yumikonakamura\/"},{"@type":"ListItem","position":2,"name":"Biographie"}]},{"@type":"WebSite","@id":"https:\/\/www.latelieramusique.fr\/yumikonakamura\/#website","url":"https:\/\/www.latelieramusique.fr\/yumikonakamura\/","name":"Yumiko Nakamura","description":"Musiques traditionnelles japonaises - Shamisen","inLanguage":"fr-FR"}]}},"_links":{"self":[{"href":"https:\/\/www.latelieramusique.fr\/yumikonakamura\/wp-json\/wp\/v2\/pages\/127","targetHints":{"allow":["GET"]}}],"collection":[{"href":"https:\/\/www.latelieramusique.fr\/yumikonakamura\/wp-json\/wp\/v2\/pages"}],"about":[{"href":"https:\/\/www.latelieramusique.fr\/yumikonakamura\/wp-json\/wp\/v2\/types\/page"}],"author":[{"embeddable":true,"href":"https:\/\/www.latelieramusique.fr\/yumikonakamura\/wp-json\/wp\/v2\/users\/1"}],"replies":[{"embeddable":true,"href":"https:\/\/www.latelieramusique.fr\/yumikonakamura\/wp-json\/wp\/v2\/comments?post=127"}],"version-history":[{"count":10,"href":"https:\/\/www.latelieramusique.fr\/yumikonakamura\/wp-json\/wp\/v2\/pages\/127\/revisions"}],"predecessor-version":[{"id":640,"href":"https:\/\/www.latelieramusique.fr\/yumikonakamura\/wp-json\/wp\/v2\/pages\/127\/revisions\/640"}],"wp:attachment":[{"href":"https:\/\/www.latelieramusique.fr\/yumikonakamura\/wp-json\/wp\/v2\/media?parent=127"}],"curies":[{"name":"wp","href":"https:\/\/api.w.org\/{rel}","templated":true}]}}